{"id":3433,"date":"2022-06-27T12:32:00","date_gmt":"2022-06-27T10:32:00","guid":{"rendered":"https:\/\/eevr.ee\/?page_id=3433"},"modified":"2023-06-02T14:06:44","modified_gmt":"2023-06-02T12:06:44","slug":"eesti-xr-valdkond-raport","status":"publish","type":"page","link":"https:\/\/eevr.ee\/et\/eesti-xr-valdkond-raport\/","title":{"rendered":"Eesti VR\/AR 2022"},"content":{"rendered":"[vc_row type=&#8221;in_container&#8221; full_screen_row_position=&#8221;middle&#8221; column_margin=&#8221;default&#8221; column_direction=&#8221;default&#8221; column_direction_tablet=&#8221;default&#8221; column_direction_phone=&#8221;default&#8221; scene_position=&#8221;center&#8221; text_color=&#8221;dark&#8221; text_align=&#8221;left&#8221; row_border_radius=&#8221;none&#8221; row_border_radius_applies=&#8221;bg&#8221; overlay_strength=&#8221;0.3&#8243; gradient_direction=&#8221;left_to_right&#8221; shape_divider_position=&#8221;bottom&#8221; bg_image_animation=&#8221;none&#8221;][vc_column column_padding=&#8221;no-extra-padding&#8221; column_padding_tablet=&#8221;inherit&#8221; column_padding_phone=&#8221;inherit&#8221; column_padding_position=&#8221;all&#8221; background_color_opacity=&#8221;1&#8243; background_hover_color_opacity=&#8221;1&#8243; column_shadow=&#8221;none&#8221; column_border_radius=&#8221;none&#8221; column_link_target=&#8221;_self&#8221; gradient_direction=&#8221;left_to_right&#8221; overlay_strength=&#8221;0.3&#8243; width=&#8221;1\/2&#8243; tablet_width_inherit=&#8221;default&#8221; tablet_text_alignment=&#8221;default&#8221; phone_text_alignment=&#8221;default&#8221; column_border_width=&#8221;none&#8221; column_border_style=&#8221;solid&#8221; bg_image_animation=&#8221;none&#8221;][vc_column_text]\n<h1>Eesti Virtuaal- ja Liitreaalsuse Valdkond Aastal 2022<\/h1>\n[\/vc_column_text][vc_column_text]2023. aasta alguses viis EEVR l\u00e4bi igaaastase k\u00fcsitluse, mille eesm\u00e4rk oli uurida Eesti XR-sektori k\u00e4ek\u00e4iku 2022.aastal. Loodetavasti pakub see raport lisav\u00e4\u00e4rtust EEVRi liikmetele ja k\u00f5igile huvilistele ning t\u00f5stab ettev\u00f5tetevahelist suhtlust sektori tulevaseks edukuseks.<\/p>\n<p>Raport on inglisekeelsena k\u00e4ttesaadav <a href=\"https:\/\/eevr.ee\/wp-content\/uploads\/2023\/06\/Estonian-VR-AR-Industry-in-2022.docx-1.pdf\" target=\"_blank\" rel=\"noopener\">SIIN<\/a>[\/vc_column_text][\/vc_column][vc_column column_padding=&#8221;no-extra-padding&#8221; column_padding_tablet=&#8221;inherit&#8221; column_padding_phone=&#8221;inherit&#8221; column_padding_position=&#8221;all&#8221; background_color_opacity=&#8221;1&#8243; background_hover_color_opacity=&#8221;1&#8243; column_shadow=&#8221;none&#8221; column_border_radius=&#8221;none&#8221; column_link_target=&#8221;_self&#8221; gradient_direction=&#8221;left_to_right&#8221; overlay_strength=&#8221;0.3&#8243; width=&#8221;1\/2&#8243; tablet_width_inherit=&#8221;default&#8221; tablet_text_alignment=&#8221;default&#8221; phone_text_alignment=&#8221;default&#8221; column_border_width=&#8221;none&#8221; column_border_style=&#8221;solid&#8221; bg_image_animation=&#8221;none&#8221;][vc_gallery type=&#8221;flexslider_style&#8221; images=&#8221;3811,3813,3815,3817&#8243; onclick=&#8221;link_no&#8221; img_size=&#8221;full&#8221;][\/vc_column][\/vc_row][vc_row type=&#8221;in_container&#8221; full_screen_row_position=&#8221;middle&#8221; column_margin=&#8221;default&#8221; column_direction=&#8221;default&#8221; column_direction_tablet=&#8221;default&#8221; column_direction_phone=&#8221;default&#8221; scene_position=&#8221;center&#8221; text_color=&#8221;dark&#8221; text_align=&#8221;left&#8221; row_border_radius=&#8221;none&#8221; row_border_radius_applies=&#8221;bg&#8221; overlay_strength=&#8221;0.3&#8243; gradient_direction=&#8221;left_to_right&#8221; shape_divider_position=&#8221;bottom&#8221; bg_image_animation=&#8221;none&#8221;][vc_column column_padding=&#8221;no-extra-padding&#8221; column_padding_tablet=&#8221;inherit&#8221; column_padding_phone=&#8221;inherit&#8221; column_padding_position=&#8221;all&#8221; background_color_opacity=&#8221;1&#8243; background_hover_color_opacity=&#8221;1&#8243; column_shadow=&#8221;none&#8221; column_border_radius=&#8221;none&#8221; column_link_target=&#8221;_self&#8221; gradient_direction=&#8221;left_to_right&#8221; overlay_strength=&#8221;0.3&#8243; width=&#8221;1\/1&#8243; tablet_width_inherit=&#8221;default&#8221; tablet_text_alignment=&#8221;default&#8221; phone_text_alignment=&#8221;default&#8221; column_border_width=&#8221;none&#8221; column_border_style=&#8221;solid&#8221; bg_image_animation=&#8221;none&#8221;][\/vc_column][\/vc_row]\n","protected":false},"excerpt":{"rendered":"<p>[vc_row type=&#8221;in_container&#8221; full_screen_row_position=&#8221;middle&#8221; column_margin=&#8221;default&#8221; column_direction=&#8221;default&#8221; column_direction_tablet=&#8221;default&#8221; column_direction_phone=&#8221;default&#8221; scene_position=&#8221;center&#8221; text_color=&#8221;dark&#8221; text_align=&#8221;left&#8221; row_border_radius=&#8221;none&#8221; row_border_radius_applies=&#8221;bg&#8221; overlay_strength=&#8221;0.3&#8243; gradient_direction=&#8221;left_to_right&#8221; shape_divider_position=&#8221;bottom&#8221; bg_image_animation=&#8221;none&#8221;][vc_column column_padding=&#8221;no-extra-padding&#8221; column_padding_tablet=&#8221;inherit&#8221; column_padding_phone=&#8221;inherit&#8221; column_padding_position=&#8221;all&#8221; background_color_opacity=&#8221;1&#8243; background_hover_color_opacity=&#8221;1&#8243; column_shadow=&#8221;none&#8221; column_border_radius=&#8221;none&#8221; column_link_target=&#8221;_self&#8221; gradient_direction=&#8221;left_to_right&#8221; overlay_strength=&#8221;0.3&#8243; width=&#8221;1\/2&#8243; tablet_width_inherit=&#8221;default&#8221; tablet_text_alignment=&#8221;default&#8221;&#8230;<\/p>\n","protected":false},"author":4,"featured_media":3438,"parent":0,"menu_order":0,"comment_status":"closed","ping_status":"closed","template":"","meta":{"inline_featured_image":false,"footnotes":""},"class_list":["post-3433","page","type-page","status-publish","has-post-thumbnail"],"yoast_head":"<!-- This site is optimized with the Yoast SEO plugin v27.4 - https:\/\/yoast.com\/product\/yoast-seo-wordpress\/ -->\n<title>Eesti VR\/AR 2022 - EEVR<\/title>\n<meta name=\"robots\" content=\"index, follow, max-snippet:-1, max-image-preview:large, max-video-preview:-1\" \/>\n<link rel=\"canonical\" href=\"https:\/\/eevr.ee\/et\/eesti-xr-valdkond-raport\/\" \/>\n<meta property=\"og:locale\" content=\"et_EE\" \/>\n<meta property=\"og:type\" content=\"article\" \/>\n<meta property=\"og:title\" content=\"Eesti VR\/AR 2022 - EEVR\" \/>\n<meta property=\"og:description\" content=\"[vc_row type=&#8221;in_container&#8221; full_screen_row_position=&#8221;middle&#8221; column_margin=&#8221;default&#8221; column_direction=&#8221;default&#8221; column_direction_tablet=&#8221;default&#8221; column_direction_phone=&#8221;default&#8221; scene_position=&#8221;center&#8221; text_color=&#8221;dark&#8221; text_align=&#8221;left&#8221; row_border_radius=&#8221;none&#8221; row_border_radius_applies=&#8221;bg&#8221; overlay_strength=&#8221;0.3&#8243; gradient_direction=&#8221;left_to_right&#8221; shape_divider_position=&#8221;bottom&#8221; bg_image_animation=&#8221;none&#8221;][vc_column column_padding=&#8221;no-extra-padding&#8221; column_padding_tablet=&#8221;inherit&#8221; column_padding_phone=&#8221;inherit&#8221; column_padding_position=&#8221;all&#8221; background_color_opacity=&#8221;1&#8243; background_hover_color_opacity=&#8221;1&#8243; column_shadow=&#8221;none&#8221; column_border_radius=&#8221;none&#8221; column_link_target=&#8221;_self&#8221; gradient_direction=&#8221;left_to_right&#8221; overlay_strength=&#8221;0.3&#8243; width=&#8221;1\/2&#8243; tablet_width_inherit=&#8221;default&#8221; tablet_text_alignment=&#8221;default&#8221;...\" \/>\n<meta property=\"og:url\" content=\"https:\/\/eevr.ee\/et\/eesti-xr-valdkond-raport\/\" \/>\n<meta property=\"og:site_name\" content=\"EEVR\" \/>\n<meta property=\"article:modified_time\" content=\"2023-06-02T12:06:44+00:00\" \/>\n<meta property=\"og:image\" content=\"https:\/\/eevr.ee\/wp-content\/uploads\/2022\/06\/VR-AR-Eestis-2021-p1.jpg\" \/>\n\t<meta property=\"og:image:width\" content=\"612\" \/>\n\t<meta property=\"og:image:height\" content=\"792\" \/>\n\t<meta property=\"og:image:type\" content=\"image\/jpeg\" \/>\n<meta name=\"twitter:card\" content=\"summary_large_image\" \/>\n<meta name=\"twitter:label1\" content=\"Est. reading time\" \/>\n\t<meta name=\"twitter:data1\" content=\"1 minut\" \/>\n<script type=\"application\/ld+json\" class=\"yoast-schema-graph\">{\"@context\":\"https:\\\/\\\/schema.org\",\"@graph\":[{\"@type\":\"WebPage\",\"@id\":\"https:\\\/\\\/eevr.ee\\\/et\\\/eesti-xr-valdkond-raport\\\/\",\"url\":\"https:\\\/\\\/eevr.ee\\\/et\\\/eesti-xr-valdkond-raport\\\/\",\"name\":\"Eesti VR\\\/AR 2022 - EEVR\",\"isPartOf\":{\"@id\":\"https:\\\/\\\/eevr.ee\\\/#website\"},\"primaryImageOfPage\":{\"@id\":\"https:\\\/\\\/eevr.ee\\\/et\\\/eesti-xr-valdkond-raport\\\/#primaryimage\"},\"image\":{\"@id\":\"https:\\\/\\\/eevr.ee\\\/et\\\/eesti-xr-valdkond-raport\\\/#primaryimage\"},\"thumbnailUrl\":\"https:\\\/\\\/eevr.ee\\\/wp-content\\\/uploads\\\/2022\\\/06\\\/VR-AR-Eestis-2021-p1.jpg\",\"datePublished\":\"2022-06-27T10:32:00+00:00\",\"dateModified\":\"2023-06-02T12:06:44+00:00\",\"breadcrumb\":{\"@id\":\"https:\\\/\\\/eevr.ee\\\/et\\\/eesti-xr-valdkond-raport\\\/#breadcrumb\"},\"inLanguage\":\"et\",\"potentialAction\":[{\"@type\":\"ReadAction\",\"target\":[\"https:\\\/\\\/eevr.ee\\\/et\\\/eesti-xr-valdkond-raport\\\/\"]}]},{\"@type\":\"ImageObject\",\"inLanguage\":\"et\",\"@id\":\"https:\\\/\\\/eevr.ee\\\/et\\\/eesti-xr-valdkond-raport\\\/#primaryimage\",\"url\":\"https:\\\/\\\/eevr.ee\\\/wp-content\\\/uploads\\\/2022\\\/06\\\/VR-AR-Eestis-2021-p1.jpg\",\"contentUrl\":\"https:\\\/\\\/eevr.ee\\\/wp-content\\\/uploads\\\/2022\\\/06\\\/VR-AR-Eestis-2021-p1.jpg\",\"width\":612,\"height\":792,\"caption\":\"Vr ar eestis 2021 p1\"},{\"@type\":\"BreadcrumbList\",\"@id\":\"https:\\\/\\\/eevr.ee\\\/et\\\/eesti-xr-valdkond-raport\\\/#breadcrumb\",\"itemListElement\":[{\"@type\":\"ListItem\",\"position\":1,\"name\":\"Home\",\"item\":\"https:\\\/\\\/eevr.ee\\\/et\\\/\"},{\"@type\":\"ListItem\",\"position\":2,\"name\":\"Eesti VR\\\/AR 2022\"}]},{\"@type\":\"WebSite\",\"@id\":\"https:\\\/\\\/eevr.ee\\\/#website\",\"url\":\"https:\\\/\\\/eevr.ee\\\/\",\"name\":\"EEVR\",\"description\":\"Estonian VR&amp;AR Community\",\"publisher\":{\"@id\":\"https:\\\/\\\/eevr.ee\\\/#organization\"},\"potentialAction\":[{\"@type\":\"SearchAction\",\"target\":{\"@type\":\"EntryPoint\",\"urlTemplate\":\"https:\\\/\\\/eevr.ee\\\/?s={search_term_string}\"},\"query-input\":{\"@type\":\"PropertyValueSpecification\",\"valueRequired\":true,\"valueName\":\"search_term_string\"}}],\"inLanguage\":\"et\"},{\"@type\":\"Organization\",\"@id\":\"https:\\\/\\\/eevr.ee\\\/#organization\",\"name\":\"Estonian VR&AR Community\",\"url\":\"https:\\\/\\\/eevr.ee\\\/\",\"logo\":{\"@type\":\"ImageObject\",\"inLanguage\":\"et\",\"@id\":\"https:\\\/\\\/eevr.ee\\\/#\\\/schema\\\/logo\\\/image\\\/\",\"url\":\"https:\\\/\\\/eevr.ee\\\/wp-content\\\/uploads\\\/2020\\\/10\\\/Logo-1.svg\",\"contentUrl\":\"https:\\\/\\\/eevr.ee\\\/wp-content\\\/uploads\\\/2020\\\/10\\\/Logo-1.svg\",\"width\":151,\"height\":32,\"caption\":\"Estonian VR&AR Community\"},\"image\":{\"@id\":\"https:\\\/\\\/eevr.ee\\\/#\\\/schema\\\/logo\\\/image\\\/\"}}]}<\/script>\n<!-- \/ Yoast SEO plugin. -->","yoast_head_json":{"title":"Eesti VR\/AR 2022 - EEVR","robots":{"index":"index","follow":"follow","max-snippet":"max-snippet:-1","max-image-preview":"max-image-preview:large","max-video-preview":"max-video-preview:-1"},"canonical":"https:\/\/eevr.ee\/et\/eesti-xr-valdkond-raport\/","og_locale":"et_EE","og_type":"article","og_title":"Eesti VR\/AR 2022 - EEVR","og_description":"[vc_row type=&#8221;in_container&#8221; full_screen_row_position=&#8221;middle&#8221; column_margin=&#8221;default&#8221; column_direction=&#8221;default&#8221; column_direction_tablet=&#8221;default&#8221; column_direction_phone=&#8221;default&#8221; scene_position=&#8221;center&#8221; text_color=&#8221;dark&#8221; text_align=&#8221;left&#8221; row_border_radius=&#8221;none&#8221; row_border_radius_applies=&#8221;bg&#8221; overlay_strength=&#8221;0.3&#8243; gradient_direction=&#8221;left_to_right&#8221; shape_divider_position=&#8221;bottom&#8221; bg_image_animation=&#8221;none&#8221;][vc_column column_padding=&#8221;no-extra-padding&#8221; column_padding_tablet=&#8221;inherit&#8221; column_padding_phone=&#8221;inherit&#8221; column_padding_position=&#8221;all&#8221; background_color_opacity=&#8221;1&#8243; background_hover_color_opacity=&#8221;1&#8243; column_shadow=&#8221;none&#8221; column_border_radius=&#8221;none&#8221; column_link_target=&#8221;_self&#8221; gradient_direction=&#8221;left_to_right&#8221; overlay_strength=&#8221;0.3&#8243; width=&#8221;1\/2&#8243; tablet_width_inherit=&#8221;default&#8221; tablet_text_alignment=&#8221;default&#8221;...","og_url":"https:\/\/eevr.ee\/et\/eesti-xr-valdkond-raport\/","og_site_name":"EEVR","article_modified_time":"2023-06-02T12:06:44+00:00","og_image":[{"width":612,"height":792,"url":"https:\/\/eevr.ee\/wp-content\/uploads\/2022\/06\/VR-AR-Eestis-2021-p1.jpg","type":"image\/jpeg"}],"twitter_card":"summary_large_image","twitter_misc":{"Est. reading time":"1 minut"},"schema":{"@context":"https:\/\/schema.org","@graph":[{"@type":"WebPage","@id":"https:\/\/eevr.ee\/et\/eesti-xr-valdkond-raport\/","url":"https:\/\/eevr.ee\/et\/eesti-xr-valdkond-raport\/","name":"Eesti VR\/AR 2022 - EEVR","isPartOf":{"@id":"https:\/\/eevr.ee\/#website"},"primaryImageOfPage":{"@id":"https:\/\/eevr.ee\/et\/eesti-xr-valdkond-raport\/#primaryimage"},"image":{"@id":"https:\/\/eevr.ee\/et\/eesti-xr-valdkond-raport\/#primaryimage"},"thumbnailUrl":"https:\/\/eevr.ee\/wp-content\/uploads\/2022\/06\/VR-AR-Eestis-2021-p1.jpg","datePublished":"2022-06-27T10:32:00+00:00","dateModified":"2023-06-02T12:06:44+00:00","breadcrumb":{"@id":"https:\/\/eevr.ee\/et\/eesti-xr-valdkond-raport\/#breadcrumb"},"inLanguage":"et","potentialAction":[{"@type":"ReadAction","target":["https:\/\/eevr.ee\/et\/eesti-xr-valdkond-raport\/"]}]},{"@type":"ImageObject","inLanguage":"et","@id":"https:\/\/eevr.ee\/et\/eesti-xr-valdkond-raport\/#primaryimage","url":"https:\/\/eevr.ee\/wp-content\/uploads\/2022\/06\/VR-AR-Eestis-2021-p1.jpg","contentUrl":"https:\/\/eevr.ee\/wp-content\/uploads\/2022\/06\/VR-AR-Eestis-2021-p1.jpg","width":612,"height":792,"caption":"Vr ar eestis 2021 p1"},{"@type":"BreadcrumbList","@id":"https:\/\/eevr.ee\/et\/eesti-xr-valdkond-raport\/#breadcrumb","itemListElement":[{"@type":"ListItem","position":1,"name":"Home","item":"https:\/\/eevr.ee\/et\/"},{"@type":"ListItem","position":2,"name":"Eesti VR\/AR 2022"}]},{"@type":"WebSite","@id":"https:\/\/eevr.ee\/#website","url":"https:\/\/eevr.ee\/","name":"EEVR","description":"Estonian VR&amp;AR Community","publisher":{"@id":"https:\/\/eevr.ee\/#organization"},"potentialAction":[{"@type":"SearchAction","target":{"@type":"EntryPoint","urlTemplate":"https:\/\/eevr.ee\/?s={search_term_string}"},"query-input":{"@type":"PropertyValueSpecification","valueRequired":true,"valueName":"search_term_string"}}],"inLanguage":"et"},{"@type":"Organization","@id":"https:\/\/eevr.ee\/#organization","name":"Estonian VR&AR Community","url":"https:\/\/eevr.ee\/","logo":{"@type":"ImageObject","inLanguage":"et","@id":"https:\/\/eevr.ee\/#\/schema\/logo\/image\/","url":"https:\/\/eevr.ee\/wp-content\/uploads\/2020\/10\/Logo-1.svg","contentUrl":"https:\/\/eevr.ee\/wp-content\/uploads\/2020\/10\/Logo-1.svg","width":151,"height":32,"caption":"Estonian VR&AR Community"},"image":{"@id":"https:\/\/eevr.ee\/#\/schema\/logo\/image\/"}}]}},"_links":{"self":[{"href":"https:\/\/eevr.ee\/et\/wp-json\/wp\/v2\/pages\/3433","targetHints":{"allow":["GET"]}}],"collection":[{"href":"https:\/\/eevr.ee\/et\/wp-json\/wp\/v2\/pages"}],"about":[{"href":"https:\/\/eevr.ee\/et\/wp-json\/wp\/v2\/types\/page"}],"author":[{"embeddable":true,"href":"https:\/\/eevr.ee\/et\/wp-json\/wp\/v2\/users\/4"}],"replies":[{"embeddable":true,"href":"https:\/\/eevr.ee\/et\/wp-json\/wp\/v2\/comments?post=3433"}],"version-history":[{"count":14,"href":"https:\/\/eevr.ee\/et\/wp-json\/wp\/v2\/pages\/3433\/revisions"}],"predecessor-version":[{"id":3833,"href":"https:\/\/eevr.ee\/et\/wp-json\/wp\/v2\/pages\/3433\/revisions\/3833"}],"wp:featuredmedia":[{"embeddable":true,"href":"https:\/\/eevr.ee\/et\/wp-json\/wp\/v2\/media\/3438"}],"wp:attachment":[{"href":"https:\/\/eevr.ee\/et\/wp-json\/wp\/v2\/media?parent=3433"}],"curies":[{"name":"wp","href":"https:\/\/api.w.org\/{rel}","templated":true}]}}