{"id":3903,"date":"2024-01-02T11:03:08","date_gmt":"2024-01-02T09:03:08","guid":{"rendered":"https:\/\/eevr.ee\/?page_id=3903"},"modified":"2024-05-07T08:02:27","modified_gmt":"2024-05-07T06:02:27","slug":"eesti-xr-ekspordi-arendamine","status":"publish","type":"page","link":"https:\/\/eevr.ee\/et\/eesti-xr-ekspordi-arendamine\/","title":{"rendered":"Eesti XR ekspordi arendamine"},"content":{"rendered":"[vc_row type=&#8221;in_container&#8221; full_screen_row_position=&#8221;middle&#8221; column_margin=&#8221;default&#8221; column_direction=&#8221;default&#8221; column_direction_tablet=&#8221;default&#8221; column_direction_phone=&#8221;default&#8221; scene_position=&#8221;center&#8221; text_color=&#8221;dark&#8221; text_align=&#8221;left&#8221; row_border_radius=&#8221;none&#8221; row_border_radius_applies=&#8221;bg&#8221; overlay_strength=&#8221;0.3&#8243; gradient_direction=&#8221;left_to_right&#8221; shape_divider_position=&#8221;bottom&#8221; bg_image_animation=&#8221;none&#8221;][vc_column column_padding=&#8221;no-extra-padding&#8221; column_padding_tablet=&#8221;inherit&#8221; column_padding_phone=&#8221;inherit&#8221; column_padding_position=&#8221;all&#8221; background_color_opacity=&#8221;1&#8243; background_hover_color_opacity=&#8221;1&#8243; column_shadow=&#8221;none&#8221; column_border_radius=&#8221;none&#8221; column_link_target=&#8221;_self&#8221; gradient_direction=&#8221;left_to_right&#8221; overlay_strength=&#8221;0.3&#8243; width=&#8221;1\/1&#8243; tablet_width_inherit=&#8221;default&#8221; tablet_text_alignment=&#8221;default&#8221; phone_text_alignment=&#8221;default&#8221; column_border_width=&#8221;none&#8221; column_border_style=&#8221;solid&#8221; bg_image_animation=&#8221;none&#8221;][vc_column_text]Projekti \u201cEESTI XR-SEKTORI ETTEV\u00d5TETE EKSPORDI ARENDAMINE\u201d\u00a0peamiseks eesm\u00e4rgiks on tugevdada Eesti XR-sektori v\u00e4ike- ja keskmise suurusega ettev\u00f5tete positsiooni v\u00e4listurgudel. Eesti XR-sektori moodustavad ettev\u00f5tted ja organisatsioonid, millle p\u00f5hitegevus on \u00fchel v\u00f5i teisel viisil seotud XR (laiendatud reaaluse)-tehnoloogiate rakendamisega. Eesti XR-ettev\u00f5tted tegutsevad erinevates \u00e4rivertikaalides n\u00e4iteks nagu haridus, meelelahutus, turism jne.<\/p>\n<p>Projekti eelarve on 194 821,03 eurot, millest 136 374,72 eurot p\u00e4rineb Euroopa Liidu Fondidest. Projekti kestus on 01.01.2024\u201331.12.2025.[\/vc_column_text][\/vc_column][\/vc_row][vc_row type=&#8221;in_container&#8221; full_screen_row_position=&#8221;middle&#8221; column_margin=&#8221;default&#8221; column_direction=&#8221;default&#8221; column_direction_tablet=&#8221;default&#8221; column_direction_phone=&#8221;default&#8221; scene_position=&#8221;center&#8221; text_color=&#8221;dark&#8221; text_align=&#8221;left&#8221; row_border_radius=&#8221;none&#8221; row_border_radius_applies=&#8221;bg&#8221; overlay_strength=&#8221;0.3&#8243; gradient_direction=&#8221;left_to_right&#8221; shape_divider_position=&#8221;bottom&#8221; bg_image_animation=&#8221;none&#8221;][vc_column column_padding=&#8221;no-extra-padding&#8221; column_padding_tablet=&#8221;inherit&#8221; column_padding_phone=&#8221;inherit&#8221; column_padding_position=&#8221;all&#8221; background_color_opacity=&#8221;1&#8243; background_hover_color_opacity=&#8221;1&#8243; column_shadow=&#8221;none&#8221; column_border_radius=&#8221;none&#8221; column_link_target=&#8221;_self&#8221; gradient_direction=&#8221;left_to_right&#8221; overlay_strength=&#8221;0.3&#8243; width=&#8221;1\/1&#8243; tablet_width_inherit=&#8221;default&#8221; tablet_text_alignment=&#8221;default&#8221; phone_text_alignment=&#8221;default&#8221; column_border_width=&#8221;none&#8221; column_border_style=&#8221;solid&#8221; bg_image_animation=&#8221;none&#8221;][image_with_animation image_url=&#8221;3905&#8243; animation=&#8221;Fade In&#8221; hover_animation=&#8221;none&#8221; alignment=&#8221;center&#8221; border_radius=&#8221;none&#8221; box_shadow=&#8221;none&#8221; image_loading=&#8221;default&#8221; max_width=&#8221;100%&#8221; max_width_mobile=&#8221;default&#8221;][\/vc_column][\/vc_row]\n","protected":false},"excerpt":{"rendered":"<p>[vc_row type=&#8221;in_container&#8221; full_screen_row_position=&#8221;middle&#8221; column_margin=&#8221;default&#8221; column_direction=&#8221;default&#8221; column_direction_tablet=&#8221;default&#8221; column_direction_phone=&#8221;default&#8221; scene_position=&#8221;center&#8221; text_color=&#8221;dark&#8221; text_align=&#8221;left&#8221; row_border_radius=&#8221;none&#8221; row_border_radius_applies=&#8221;bg&#8221; overlay_strength=&#8221;0.3&#8243; gradient_direction=&#8221;left_to_right&#8221; shape_divider_position=&#8221;bottom&#8221; bg_image_animation=&#8221;none&#8221;][vc_column column_padding=&#8221;no-extra-padding&#8221; column_padding_tablet=&#8221;inherit&#8221; column_padding_phone=&#8221;inherit&#8221; column_padding_position=&#8221;all&#8221; background_color_opacity=&#8221;1&#8243; background_hover_color_opacity=&#8221;1&#8243; column_shadow=&#8221;none&#8221; column_border_radius=&#8221;none&#8221; column_link_target=&#8221;_self&#8221; gradient_direction=&#8221;left_to_right&#8221; overlay_strength=&#8221;0.3&#8243; width=&#8221;1\/1&#8243; tablet_width_inherit=&#8221;default&#8221; tablet_text_alignment=&#8221;default&#8221;&#8230;<\/p>\n","protected":false},"author":4,"featured_media":0,"parent":0,"menu_order":0,"comment_status":"closed","ping_status":"closed","template":"","meta":{"inline_featured_image":false,"footnotes":""},"class_list":["post-3903","page","type-page","status-publish"],"yoast_head":"<!-- This site is optimized with the Yoast SEO plugin v27.3 - https:\/\/yoast.com\/product\/yoast-seo-wordpress\/ -->\n<title>Eesti XR ekspordi arendamine - EEVR<\/title>\n<meta name=\"description\" content=\"Projekti peamiseks eesm\u00e4rgiks on tugevdada Eesti XR-sektori v\u00e4ike- ja keskmise suurusega ettev\u00f5tete positsiooni v\u00e4listurgudel.\" \/>\n<meta name=\"robots\" content=\"index, follow, max-snippet:-1, max-image-preview:large, max-video-preview:-1\" \/>\n<link rel=\"canonical\" href=\"https:\/\/eevr.ee\/et\/eesti-xr-ekspordi-arendamine\/\" \/>\n<meta property=\"og:locale\" content=\"et_EE\" \/>\n<meta property=\"og:type\" content=\"article\" \/>\n<meta property=\"og:title\" content=\"Eesti XR ekspordi arendamine - EEVR\" \/>\n<meta property=\"og:description\" content=\"Projekti peamiseks eesm\u00e4rgiks on tugevdada Eesti XR-sektori v\u00e4ike- ja keskmise suurusega ettev\u00f5tete positsiooni v\u00e4listurgudel.\" \/>\n<meta property=\"og:url\" content=\"https:\/\/eevr.ee\/et\/eesti-xr-ekspordi-arendamine\/\" \/>\n<meta property=\"og:site_name\" content=\"EEVR\" \/>\n<meta property=\"article:modified_time\" content=\"2024-05-07T06:02:27+00:00\" \/>\n<meta name=\"twitter:card\" content=\"summary_large_image\" \/>\n<meta name=\"twitter:label1\" content=\"Est. reading time\" \/>\n\t<meta name=\"twitter:data1\" content=\"1 minut\" \/>\n<script type=\"application\/ld+json\" class=\"yoast-schema-graph\">{\"@context\":\"https:\\\/\\\/schema.org\",\"@graph\":[{\"@type\":\"WebPage\",\"@id\":\"https:\\\/\\\/eevr.ee\\\/et\\\/eesti-xr-ekspordi-arendamine\\\/\",\"url\":\"https:\\\/\\\/eevr.ee\\\/et\\\/eesti-xr-ekspordi-arendamine\\\/\",\"name\":\"Eesti XR ekspordi arendamine - EEVR\",\"isPartOf\":{\"@id\":\"https:\\\/\\\/eevr.ee\\\/#website\"},\"datePublished\":\"2024-01-02T09:03:08+00:00\",\"dateModified\":\"2024-05-07T06:02:27+00:00\",\"description\":\"Projekti peamiseks eesm\u00e4rgiks on tugevdada Eesti XR-sektori v\u00e4ike- ja keskmise suurusega ettev\u00f5tete positsiooni v\u00e4listurgudel.\",\"breadcrumb\":{\"@id\":\"https:\\\/\\\/eevr.ee\\\/et\\\/eesti-xr-ekspordi-arendamine\\\/#breadcrumb\"},\"inLanguage\":\"et\",\"potentialAction\":[{\"@type\":\"ReadAction\",\"target\":[\"https:\\\/\\\/eevr.ee\\\/et\\\/eesti-xr-ekspordi-arendamine\\\/\"]}]},{\"@type\":\"BreadcrumbList\",\"@id\":\"https:\\\/\\\/eevr.ee\\\/et\\\/eesti-xr-ekspordi-arendamine\\\/#breadcrumb\",\"itemListElement\":[{\"@type\":\"ListItem\",\"position\":1,\"name\":\"Home\",\"item\":\"https:\\\/\\\/eevr.ee\\\/et\\\/\"},{\"@type\":\"ListItem\",\"position\":2,\"name\":\"Eesti XR ekspordi arendamine\"}]},{\"@type\":\"WebSite\",\"@id\":\"https:\\\/\\\/eevr.ee\\\/#website\",\"url\":\"https:\\\/\\\/eevr.ee\\\/\",\"name\":\"EEVR\",\"description\":\"Estonian VR&amp;AR Community\",\"publisher\":{\"@id\":\"https:\\\/\\\/eevr.ee\\\/#organization\"},\"potentialAction\":[{\"@type\":\"SearchAction\",\"target\":{\"@type\":\"EntryPoint\",\"urlTemplate\":\"https:\\\/\\\/eevr.ee\\\/?s={search_term_string}\"},\"query-input\":{\"@type\":\"PropertyValueSpecification\",\"valueRequired\":true,\"valueName\":\"search_term_string\"}}],\"inLanguage\":\"et\"},{\"@type\":\"Organization\",\"@id\":\"https:\\\/\\\/eevr.ee\\\/#organization\",\"name\":\"Estonian VR&AR Community\",\"url\":\"https:\\\/\\\/eevr.ee\\\/\",\"logo\":{\"@type\":\"ImageObject\",\"inLanguage\":\"et\",\"@id\":\"https:\\\/\\\/eevr.ee\\\/#\\\/schema\\\/logo\\\/image\\\/\",\"url\":\"https:\\\/\\\/eevr.ee\\\/wp-content\\\/uploads\\\/2020\\\/10\\\/Logo-1.svg\",\"contentUrl\":\"https:\\\/\\\/eevr.ee\\\/wp-content\\\/uploads\\\/2020\\\/10\\\/Logo-1.svg\",\"width\":151,\"height\":32,\"caption\":\"Estonian VR&AR Community\"},\"image\":{\"@id\":\"https:\\\/\\\/eevr.ee\\\/#\\\/schema\\\/logo\\\/image\\\/\"}}]}<\/script>\n<!-- \/ Yoast SEO plugin. -->","yoast_head_json":{"title":"Eesti XR ekspordi arendamine - EEVR","description":"Projekti peamiseks eesm\u00e4rgiks on tugevdada Eesti XR-sektori v\u00e4ike- ja keskmise suurusega ettev\u00f5tete positsiooni v\u00e4listurgudel.","robots":{"index":"index","follow":"follow","max-snippet":"max-snippet:-1","max-image-preview":"max-image-preview:large","max-video-preview":"max-video-preview:-1"},"canonical":"https:\/\/eevr.ee\/et\/eesti-xr-ekspordi-arendamine\/","og_locale":"et_EE","og_type":"article","og_title":"Eesti XR ekspordi arendamine - EEVR","og_description":"Projekti peamiseks eesm\u00e4rgiks on tugevdada Eesti XR-sektori v\u00e4ike- ja keskmise suurusega ettev\u00f5tete positsiooni v\u00e4listurgudel.","og_url":"https:\/\/eevr.ee\/et\/eesti-xr-ekspordi-arendamine\/","og_site_name":"EEVR","article_modified_time":"2024-05-07T06:02:27+00:00","twitter_card":"summary_large_image","twitter_misc":{"Est. reading time":"1 minut"},"schema":{"@context":"https:\/\/schema.org","@graph":[{"@type":"WebPage","@id":"https:\/\/eevr.ee\/et\/eesti-xr-ekspordi-arendamine\/","url":"https:\/\/eevr.ee\/et\/eesti-xr-ekspordi-arendamine\/","name":"Eesti XR ekspordi arendamine - EEVR","isPartOf":{"@id":"https:\/\/eevr.ee\/#website"},"datePublished":"2024-01-02T09:03:08+00:00","dateModified":"2024-05-07T06:02:27+00:00","description":"Projekti peamiseks eesm\u00e4rgiks on tugevdada Eesti XR-sektori v\u00e4ike- ja keskmise suurusega ettev\u00f5tete positsiooni v\u00e4listurgudel.","breadcrumb":{"@id":"https:\/\/eevr.ee\/et\/eesti-xr-ekspordi-arendamine\/#breadcrumb"},"inLanguage":"et","potentialAction":[{"@type":"ReadAction","target":["https:\/\/eevr.ee\/et\/eesti-xr-ekspordi-arendamine\/"]}]},{"@type":"BreadcrumbList","@id":"https:\/\/eevr.ee\/et\/eesti-xr-ekspordi-arendamine\/#breadcrumb","itemListElement":[{"@type":"ListItem","position":1,"name":"Home","item":"https:\/\/eevr.ee\/et\/"},{"@type":"ListItem","position":2,"name":"Eesti XR ekspordi arendamine"}]},{"@type":"WebSite","@id":"https:\/\/eevr.ee\/#website","url":"https:\/\/eevr.ee\/","name":"EEVR","description":"Estonian VR&amp;AR Community","publisher":{"@id":"https:\/\/eevr.ee\/#organization"},"potentialAction":[{"@type":"SearchAction","target":{"@type":"EntryPoint","urlTemplate":"https:\/\/eevr.ee\/?s={search_term_string}"},"query-input":{"@type":"PropertyValueSpecification","valueRequired":true,"valueName":"search_term_string"}}],"inLanguage":"et"},{"@type":"Organization","@id":"https:\/\/eevr.ee\/#organization","name":"Estonian VR&AR Community","url":"https:\/\/eevr.ee\/","logo":{"@type":"ImageObject","inLanguage":"et","@id":"https:\/\/eevr.ee\/#\/schema\/logo\/image\/","url":"https:\/\/eevr.ee\/wp-content\/uploads\/2020\/10\/Logo-1.svg","contentUrl":"https:\/\/eevr.ee\/wp-content\/uploads\/2020\/10\/Logo-1.svg","width":151,"height":32,"caption":"Estonian VR&AR Community"},"image":{"@id":"https:\/\/eevr.ee\/#\/schema\/logo\/image\/"}}]}},"_links":{"self":[{"href":"https:\/\/eevr.ee\/et\/wp-json\/wp\/v2\/pages\/3903","targetHints":{"allow":["GET"]}}],"collection":[{"href":"https:\/\/eevr.ee\/et\/wp-json\/wp\/v2\/pages"}],"about":[{"href":"https:\/\/eevr.ee\/et\/wp-json\/wp\/v2\/types\/page"}],"author":[{"embeddable":true,"href":"https:\/\/eevr.ee\/et\/wp-json\/wp\/v2\/users\/4"}],"replies":[{"embeddable":true,"href":"https:\/\/eevr.ee\/et\/wp-json\/wp\/v2\/comments?post=3903"}],"version-history":[{"count":4,"href":"https:\/\/eevr.ee\/et\/wp-json\/wp\/v2\/pages\/3903\/revisions"}],"predecessor-version":[{"id":4021,"href":"https:\/\/eevr.ee\/et\/wp-json\/wp\/v2\/pages\/3903\/revisions\/4021"}],"wp:attachment":[{"href":"https:\/\/eevr.ee\/et\/wp-json\/wp\/v2\/media?parent=3903"}],"curies":[{"name":"wp","href":"https:\/\/api.w.org\/{rel}","templated":true}]}}