{"id":4229,"date":"2026-03-24T10:37:02","date_gmt":"2026-03-24T08:37:02","guid":{"rendered":"https:\/\/eevr.ee\/?page_id=4229"},"modified":"2026-03-24T10:37:02","modified_gmt":"2026-03-24T08:37:02","slug":"estonian-vr-ar-ulevaade2025","status":"publish","type":"page","link":"https:\/\/eevr.ee\/et\/estonian-vr-ar-ulevaade2025\/","title":{"rendered":"Estonian VR\/AR \u00fclevaade2025"},"content":{"rendered":"<p data-start=\"0\" data-end=\"213\">Raport annab \u00fclevaate <strong>Eesti VR\/AR \u00f6kos\u00fcsteemist 2025. aastal<\/strong> (+ boonusena m\u00f5ned Balti organisatsioonid), k\u00e4sitledes selle struktuuri, tulemuslikkust ja tulevikuv\u00e4ljavaateid.<\/p>\n<p data-start=\"215\" data-end=\"242\" data-is-last-node=\"\" data-is-only-node=\"\">Loe t\u00e4ismahus aruannet <a href=\"https:\/\/eevr.ee\/wp-content\/uploads\/2026\/03\/EstonianXR_report_2025.pptx-1.pdf\" target=\"_blank\" rel=\"noopener\">SIIT<\/a><\/p>\n<p><img loading=\"lazy\" decoding=\"async\" class=\"alignnone wp-image-4225\" src=\"https:\/\/eevr.ee\/wp-content\/uploads\/2026\/03\/output-2-284x300.png\" alt=\"Output (2)\" width=\"226\" height=\"239\" srcset=\"https:\/\/eevr.ee\/wp-content\/uploads\/2026\/03\/output-2-284x300.png 284w, https:\/\/eevr.ee\/wp-content\/uploads\/2026\/03\/output-2-142x150.png 142w, https:\/\/eevr.ee\/wp-content\/uploads\/2026\/03\/output-2.png 389w\" sizes=\"auto, (max-width: 226px) 100vw, 226px\" \/><img loading=\"lazy\" decoding=\"async\" class=\"wp-image-4223 alignleft\" src=\"https:\/\/eevr.ee\/wp-content\/uploads\/2026\/03\/output-1-300x300.png\" alt=\"Output (1)\" width=\"215\" height=\"215\" srcset=\"https:\/\/eevr.ee\/wp-content\/uploads\/2026\/03\/output-1-300x300.png 300w, https:\/\/eevr.ee\/wp-content\/uploads\/2026\/03\/output-1-150x150.png 150w, https:\/\/eevr.ee\/wp-content\/uploads\/2026\/03\/output-1-768x768.png 768w, https:\/\/eevr.ee\/wp-content\/uploads\/2026\/03\/output-1-100x100.png 100w, https:\/\/eevr.ee\/wp-content\/uploads\/2026\/03\/output-1-140x140.png 140w, https:\/\/eevr.ee\/wp-content\/uploads\/2026\/03\/output-1-500x500.png 500w, https:\/\/eevr.ee\/wp-content\/uploads\/2026\/03\/output-1-350x350.png 350w, https:\/\/eevr.ee\/wp-content\/uploads\/2026\/03\/output-1.png 792w\" sizes=\"auto, (max-width: 215px) 100vw, 215px\" \/><img loading=\"lazy\" decoding=\"async\" class=\"wp-image-4224 alignleft\" src=\"https:\/\/eevr.ee\/wp-content\/uploads\/2026\/03\/output-3-300x239.png\" alt=\"Output (3)\" width=\"264\" height=\"210\" srcset=\"https:\/\/eevr.ee\/wp-content\/uploads\/2026\/03\/output-3-300x239.png 300w, https:\/\/eevr.ee\/wp-content\/uploads\/2026\/03\/output-3-150x120.png 150w, https:\/\/eevr.ee\/wp-content\/uploads\/2026\/03\/output-3.png 515w\" sizes=\"auto, (max-width: 264px) 100vw, 264px\" \/><\/p>\n","protected":false},"excerpt":{"rendered":"<p>Raport annab \u00fclevaate Eesti VR\/AR \u00f6kos\u00fcsteemist 2025. aastal (+ boonusena m\u00f5ned Balti organisatsioonid), k\u00e4sitledes selle struktuuri, tulemuslikkust ja tulevikuv\u00e4ljavaateid. Loe t\u00e4ismahus aruannet SIIT<\/p>\n","protected":false},"author":4,"featured_media":0,"parent":0,"menu_order":0,"comment_status":"closed","ping_status":"closed","template":"","meta":{"inline_featured_image":false,"footnotes":""},"class_list":["post-4229","page","type-page","status-publish"],"yoast_head":"<!-- This site is optimized with the Yoast SEO plugin v27.3 - https:\/\/yoast.com\/product\/yoast-seo-wordpress\/ -->\n<title>Estonian VR\/AR \u00fclevaade2025 - EEVR<\/title>\n<meta name=\"robots\" content=\"index, follow, max-snippet:-1, max-image-preview:large, max-video-preview:-1\" \/>\n<link rel=\"canonical\" href=\"https:\/\/eevr.ee\/et\/estonian-vr-ar-ulevaade2025\/\" \/>\n<meta property=\"og:locale\" content=\"et_EE\" \/>\n<meta property=\"og:type\" content=\"article\" \/>\n<meta property=\"og:title\" content=\"Estonian VR\/AR \u00fclevaade2025 - EEVR\" \/>\n<meta property=\"og:description\" content=\"Raport annab \u00fclevaate Eesti VR\/AR \u00f6kos\u00fcsteemist 2025. aastal (+ boonusena m\u00f5ned Balti organisatsioonid), k\u00e4sitledes selle struktuuri, tulemuslikkust ja tulevikuv\u00e4ljavaateid. Loe t\u00e4ismahus aruannet SIIT\" \/>\n<meta property=\"og:url\" content=\"https:\/\/eevr.ee\/et\/estonian-vr-ar-ulevaade2025\/\" \/>\n<meta property=\"og:site_name\" content=\"EEVR\" \/>\n<meta property=\"og:image\" content=\"https:\/\/eevr.ee\/wp-content\/uploads\/2026\/03\/output-2.png\" \/>\n\t<meta property=\"og:image:width\" content=\"389\" \/>\n\t<meta property=\"og:image:height\" content=\"411\" \/>\n\t<meta property=\"og:image:type\" content=\"image\/png\" \/>\n<meta name=\"twitter:card\" content=\"summary_large_image\" \/>\n<meta name=\"twitter:label1\" content=\"Est. reading time\" \/>\n\t<meta name=\"twitter:data1\" content=\"1 minut\" \/>\n<script type=\"application\/ld+json\" class=\"yoast-schema-graph\">{\"@context\":\"https:\\\/\\\/schema.org\",\"@graph\":[{\"@type\":\"WebPage\",\"@id\":\"https:\\\/\\\/eevr.ee\\\/et\\\/estonian-vr-ar-ulevaade2025\\\/\",\"url\":\"https:\\\/\\\/eevr.ee\\\/et\\\/estonian-vr-ar-ulevaade2025\\\/\",\"name\":\"Estonian VR\\\/AR \u00fclevaade2025 - EEVR\",\"isPartOf\":{\"@id\":\"https:\\\/\\\/eevr.ee\\\/#website\"},\"primaryImageOfPage\":{\"@id\":\"https:\\\/\\\/eevr.ee\\\/et\\\/estonian-vr-ar-ulevaade2025\\\/#primaryimage\"},\"image\":{\"@id\":\"https:\\\/\\\/eevr.ee\\\/et\\\/estonian-vr-ar-ulevaade2025\\\/#primaryimage\"},\"thumbnailUrl\":\"https:\\\/\\\/eevr.ee\\\/wp-content\\\/uploads\\\/2026\\\/03\\\/output-2-284x300.png\",\"datePublished\":\"2026-03-24T08:37:02+00:00\",\"breadcrumb\":{\"@id\":\"https:\\\/\\\/eevr.ee\\\/et\\\/estonian-vr-ar-ulevaade2025\\\/#breadcrumb\"},\"inLanguage\":\"et\",\"potentialAction\":[{\"@type\":\"ReadAction\",\"target\":[\"https:\\\/\\\/eevr.ee\\\/et\\\/estonian-vr-ar-ulevaade2025\\\/\"]}]},{\"@type\":\"ImageObject\",\"inLanguage\":\"et\",\"@id\":\"https:\\\/\\\/eevr.ee\\\/et\\\/estonian-vr-ar-ulevaade2025\\\/#primaryimage\",\"url\":\"https:\\\/\\\/eevr.ee\\\/wp-content\\\/uploads\\\/2026\\\/03\\\/output-2-284x300.png\",\"contentUrl\":\"https:\\\/\\\/eevr.ee\\\/wp-content\\\/uploads\\\/2026\\\/03\\\/output-2-284x300.png\"},{\"@type\":\"BreadcrumbList\",\"@id\":\"https:\\\/\\\/eevr.ee\\\/et\\\/estonian-vr-ar-ulevaade2025\\\/#breadcrumb\",\"itemListElement\":[{\"@type\":\"ListItem\",\"position\":1,\"name\":\"Home\",\"item\":\"https:\\\/\\\/eevr.ee\\\/et\\\/\"},{\"@type\":\"ListItem\",\"position\":2,\"name\":\"Estonian VR\\\/AR \u00fclevaade2025\"}]},{\"@type\":\"WebSite\",\"@id\":\"https:\\\/\\\/eevr.ee\\\/#website\",\"url\":\"https:\\\/\\\/eevr.ee\\\/\",\"name\":\"EEVR\",\"description\":\"Estonian VR&amp;AR Community\",\"publisher\":{\"@id\":\"https:\\\/\\\/eevr.ee\\\/#organization\"},\"potentialAction\":[{\"@type\":\"SearchAction\",\"target\":{\"@type\":\"EntryPoint\",\"urlTemplate\":\"https:\\\/\\\/eevr.ee\\\/?s={search_term_string}\"},\"query-input\":{\"@type\":\"PropertyValueSpecification\",\"valueRequired\":true,\"valueName\":\"search_term_string\"}}],\"inLanguage\":\"et\"},{\"@type\":\"Organization\",\"@id\":\"https:\\\/\\\/eevr.ee\\\/#organization\",\"name\":\"Estonian VR&AR Community\",\"url\":\"https:\\\/\\\/eevr.ee\\\/\",\"logo\":{\"@type\":\"ImageObject\",\"inLanguage\":\"et\",\"@id\":\"https:\\\/\\\/eevr.ee\\\/#\\\/schema\\\/logo\\\/image\\\/\",\"url\":\"https:\\\/\\\/eevr.ee\\\/wp-content\\\/uploads\\\/2020\\\/10\\\/Logo-1.svg\",\"contentUrl\":\"https:\\\/\\\/eevr.ee\\\/wp-content\\\/uploads\\\/2020\\\/10\\\/Logo-1.svg\",\"width\":151,\"height\":32,\"caption\":\"Estonian VR&AR Community\"},\"image\":{\"@id\":\"https:\\\/\\\/eevr.ee\\\/#\\\/schema\\\/logo\\\/image\\\/\"}}]}<\/script>\n<!-- \/ Yoast SEO plugin. -->","yoast_head_json":{"title":"Estonian VR\/AR \u00fclevaade2025 - EEVR","robots":{"index":"index","follow":"follow","max-snippet":"max-snippet:-1","max-image-preview":"max-image-preview:large","max-video-preview":"max-video-preview:-1"},"canonical":"https:\/\/eevr.ee\/et\/estonian-vr-ar-ulevaade2025\/","og_locale":"et_EE","og_type":"article","og_title":"Estonian VR\/AR \u00fclevaade2025 - EEVR","og_description":"Raport annab \u00fclevaate Eesti VR\/AR \u00f6kos\u00fcsteemist 2025. aastal (+ boonusena m\u00f5ned Balti organisatsioonid), k\u00e4sitledes selle struktuuri, tulemuslikkust ja tulevikuv\u00e4ljavaateid. Loe t\u00e4ismahus aruannet SIIT","og_url":"https:\/\/eevr.ee\/et\/estonian-vr-ar-ulevaade2025\/","og_site_name":"EEVR","og_image":[{"width":389,"height":411,"url":"https:\/\/eevr.ee\/wp-content\/uploads\/2026\/03\/output-2.png","type":"image\/png"}],"twitter_card":"summary_large_image","twitter_misc":{"Est. reading time":"1 minut"},"schema":{"@context":"https:\/\/schema.org","@graph":[{"@type":"WebPage","@id":"https:\/\/eevr.ee\/et\/estonian-vr-ar-ulevaade2025\/","url":"https:\/\/eevr.ee\/et\/estonian-vr-ar-ulevaade2025\/","name":"Estonian VR\/AR \u00fclevaade2025 - EEVR","isPartOf":{"@id":"https:\/\/eevr.ee\/#website"},"primaryImageOfPage":{"@id":"https:\/\/eevr.ee\/et\/estonian-vr-ar-ulevaade2025\/#primaryimage"},"image":{"@id":"https:\/\/eevr.ee\/et\/estonian-vr-ar-ulevaade2025\/#primaryimage"},"thumbnailUrl":"https:\/\/eevr.ee\/wp-content\/uploads\/2026\/03\/output-2-284x300.png","datePublished":"2026-03-24T08:37:02+00:00","breadcrumb":{"@id":"https:\/\/eevr.ee\/et\/estonian-vr-ar-ulevaade2025\/#breadcrumb"},"inLanguage":"et","potentialAction":[{"@type":"ReadAction","target":["https:\/\/eevr.ee\/et\/estonian-vr-ar-ulevaade2025\/"]}]},{"@type":"ImageObject","inLanguage":"et","@id":"https:\/\/eevr.ee\/et\/estonian-vr-ar-ulevaade2025\/#primaryimage","url":"https:\/\/eevr.ee\/wp-content\/uploads\/2026\/03\/output-2-284x300.png","contentUrl":"https:\/\/eevr.ee\/wp-content\/uploads\/2026\/03\/output-2-284x300.png"},{"@type":"BreadcrumbList","@id":"https:\/\/eevr.ee\/et\/estonian-vr-ar-ulevaade2025\/#breadcrumb","itemListElement":[{"@type":"ListItem","position":1,"name":"Home","item":"https:\/\/eevr.ee\/et\/"},{"@type":"ListItem","position":2,"name":"Estonian VR\/AR \u00fclevaade2025"}]},{"@type":"WebSite","@id":"https:\/\/eevr.ee\/#website","url":"https:\/\/eevr.ee\/","name":"EEVR","description":"Estonian VR&amp;AR Community","publisher":{"@id":"https:\/\/eevr.ee\/#organization"},"potentialAction":[{"@type":"SearchAction","target":{"@type":"EntryPoint","urlTemplate":"https:\/\/eevr.ee\/?s={search_term_string}"},"query-input":{"@type":"PropertyValueSpecification","valueRequired":true,"valueName":"search_term_string"}}],"inLanguage":"et"},{"@type":"Organization","@id":"https:\/\/eevr.ee\/#organization","name":"Estonian VR&AR Community","url":"https:\/\/eevr.ee\/","logo":{"@type":"ImageObject","inLanguage":"et","@id":"https:\/\/eevr.ee\/#\/schema\/logo\/image\/","url":"https:\/\/eevr.ee\/wp-content\/uploads\/2020\/10\/Logo-1.svg","contentUrl":"https:\/\/eevr.ee\/wp-content\/uploads\/2020\/10\/Logo-1.svg","width":151,"height":32,"caption":"Estonian VR&AR Community"},"image":{"@id":"https:\/\/eevr.ee\/#\/schema\/logo\/image\/"}}]}},"_links":{"self":[{"href":"https:\/\/eevr.ee\/et\/wp-json\/wp\/v2\/pages\/4229","targetHints":{"allow":["GET"]}}],"collection":[{"href":"https:\/\/eevr.ee\/et\/wp-json\/wp\/v2\/pages"}],"about":[{"href":"https:\/\/eevr.ee\/et\/wp-json\/wp\/v2\/types\/page"}],"author":[{"embeddable":true,"href":"https:\/\/eevr.ee\/et\/wp-json\/wp\/v2\/users\/4"}],"replies":[{"embeddable":true,"href":"https:\/\/eevr.ee\/et\/wp-json\/wp\/v2\/comments?post=4229"}],"version-history":[{"count":1,"href":"https:\/\/eevr.ee\/et\/wp-json\/wp\/v2\/pages\/4229\/revisions"}],"predecessor-version":[{"id":4233,"href":"https:\/\/eevr.ee\/et\/wp-json\/wp\/v2\/pages\/4229\/revisions\/4233"}],"wp:attachment":[{"href":"https:\/\/eevr.ee\/et\/wp-json\/wp\/v2\/media?parent=4229"}],"curies":[{"name":"wp","href":"https:\/\/api.w.org\/{rel}","templated":true}]}}